{"id":286,"date":"2016-10-31T13:17:59","date_gmt":"2016-10-31T16:17:59","guid":{"rendered":"https:\/\/ifd3-sgo.infd.edu.ar\/sitio\/?page_id=286"},"modified":"2025-12-05T09:19:48","modified_gmt":"2025-12-05T12:19:48","slug":"inicio","status":"publish","type":"page","link":"https:\/\/ifd3-sgo.infd.edu.ar\/sitio\/","title":{"rendered":"Inicio"},"content":{"rendered":"<p><img decoding=\"async\" loading=\"lazy\" class=\"size-full wp-image-1952 aligncenter\" src=\"https:\/\/ifd3-sgo.infd.edu.ar\/sitio\/wp-content\/uploads\/2024\/05\/oferta-educativa.png\" alt=\"\" width=\"592\" height=\"188\" \/><\/p>\n<h1 style=\"text-align: center;\"><span style=\"color: #3366ff;\">Instituto Superior de Formaci\u00f3n Docente N\u00b03<\/span><\/h1>\n<div  class=\"lgc-column lgc-grid-parent lgc-grid-50 lgc-tablet-grid-50 lgc-mobile-grid-100 lgc-equal-heights \"><div  class=\"inside-grid-column\"><img decoding=\"async\" loading=\"lazy\" class=\"size-full wp-image-1658 aligncenter\" src=\"https:\/\/ifd3-sgo.infd.edu.ar\/sitio\/wp-content\/uploads\/2020\/11\/IMG-20201117-WA0068.jpg\" alt=\"\" width=\"595\" height=\"851\" \/><\/div><\/div><div  class=\"lgc-column lgc-grid-parent lgc-grid-50 lgc-tablet-grid-50 lgc-mobile-grid-100 lgc-equal-heights \"><div  class=\"inside-grid-column\"><a href=\"https:\/\/youtu.be\/tpRR0vgfKcs\"><img decoding=\"async\" loading=\"lazy\" class=\"size-full wp-image-1659 aligncenter\" src=\"https:\/\/ifd3-sgo.infd.edu.ar\/sitio\/wp-content\/uploads\/2020\/11\/IMG-20201117-WA0067.jpg\" alt=\"\" width=\"595\" height=\"851\" \/><\/a>\n<p><\/p><\/div><\/div><div  class=\"lgc-column lgc-grid-parent lgc-grid-50 lgc-tablet-grid-50 lgc-mobile-grid-100 lgc-equal-heights \"><div  class=\"inside-grid-column\"><a href=\"https:\/\/youtu.be\/VPtpVyOE0WE\"><img decoding=\"async\" loading=\"lazy\" class=\"size-full wp-image-1660 aligncenter\" src=\"https:\/\/ifd3-sgo.infd.edu.ar\/sitio\/wp-content\/uploads\/2020\/11\/IMG-20201117-WA0065.jpg\" alt=\"\" width=\"595\" height=\"851\" \/><\/a><\/div><\/div><div  class=\"lgc-column lgc-grid-parent lgc-grid-50 lgc-tablet-grid-50 lgc-mobile-grid-100 lgc-equal-heights \"><div  class=\"inside-grid-column\"><\/div><\/div>\n<p style=\"text-align: justify;\"><span style=\"font-size: 10pt; color: #000000; font-family: Verdana;\">E<\/span><span style=\"font-size: 10pt; color: #000000; font-family: Verdana;\">ste Instituto Superior se encuentra en la ciudad de Fern\u00e1ndez, a 50 Km. al S.E. de la capital de la Provincia de Santiago del Estero y forma parte del sistema de educaci\u00f3n p\u00fablica de gesti\u00f3n estatal.<\/span><\/p>\n<p style=\"text-align: justify;\"><span style=\"font-size: 10pt; color: #000000; font-family: Verdana;\">A trav\u00e9s de este sitio en Internet, nuestro Instituto intentar\u00e1 comunicar novedades, acercar informaci\u00f3n, compartir experiencias y brindar apoyo y asesoramiento a alumnos, docentes e interesados en formar parte de esta comunidad educativa.<\/span><\/p>\n<p><span style=\"font-size: 14pt; color: #000000; font-family: Verdana;\"><img decoding=\"async\" class=\"alignleft\" src=\"https:\/\/ifd3-sgo.infd.edu.ar\/sitio\/wp-content\/uploads\/2018\/08\/la_red.jpg\" alt=\"Red virtual\" border=\"0\" hspace=\"10\" \/><\/span><span style=\"font-size: 10pt; color: #000000; font-family: Verdana;\">Junto con varios cientos de Institutos, integramos la <strong><em><span style=\"font-family: Verdana;\">Red Virtual de Institutos Superiores de Formaci\u00f3n Docente<\/span><\/em><\/strong> coordinada por el <strong><span style=\"font-family: Verdana;\">INFD<\/span><\/strong> (Instituto Nacional de Formaci\u00f3n Docente) dependiente del Ministerio de Educaci\u00f3n de la Naci\u00f3n Argentina.<\/span><br \/>\n<div id=\"metaslider-id-1539\" style=\"width: 100%;\" class=\"ml-slider-3-33-0 metaslider metaslider-flex metaslider-1539 ml-slider ms-theme-default\" role=\"region\" aria-roledescription=\"Slideshow\" aria-label=\"Slideshow\">\n    <div id=\"metaslider_container_1539\">\n        <div id=\"metaslider_1539\" class=\"flexslider\">\n            <ul aria-live=\"polite\" class=\"slides\">\n                <li style=\"display: block; width: 100%;\" class=\"slide-1586 ms-image\" aria-roledescription=\"slide\" aria-label=\"slide-1586\"><img src=\"https:\/\/ifd3-sgo.infd.edu.ar\/sitio\/wp-content\/uploads\/2018\/08\/IMG-20180322-WA0004-1043x230.jpg\" height=\"230\" width=\"1043\" alt=\"\" class=\"slider-1539 slide-1586\" title=\"IMG-20180322-WA0004\" \/><\/li>\n                <li style=\"display: none; width: 100%;\" class=\"slide-1590 ms-image\" aria-roledescription=\"slide\" aria-label=\"slide-1590\"><img src=\"https:\/\/ifd3-sgo.infd.edu.ar\/sitio\/wp-content\/uploads\/2019\/11\/jornada-MAC-en-col.-Sec.-Domingo-F.-Sarmiento-4-820x180.jpeg\" height=\"230\" width=\"1043\" alt=\"\" class=\"slider-1539 slide-1590\" title=\"jornada MAC en col. Sec. Domingo F. Sarmiento 4\" \/><\/li>\n                <li style=\"display: none; width: 100%;\" class=\"slide-1591 ms-image\" aria-roledescription=\"slide\" aria-label=\"slide-1591\"><img src=\"https:\/\/ifd3-sgo.infd.edu.ar\/sitio\/wp-content\/uploads\/2018\/08\/IMG-20170328-WA0039-1043x230.jpg\" height=\"230\" width=\"1043\" alt=\"\" class=\"slider-1539 slide-1591\" title=\"IMG-20170328-WA0039\" \/><\/li>\n                <li style=\"display: none; width: 100%;\" class=\"slide-1592 ms-image\" aria-roledescription=\"slide\" aria-label=\"slide-1592\"><img src=\"https:\/\/ifd3-sgo.infd.edu.ar\/sitio\/wp-content\/uploads\/2018\/08\/IMG-20170318-WA0000-1032x227.jpg\" height=\"230\" width=\"1043\" alt=\"\" class=\"slider-1539 slide-1592\" title=\"IMG-20170318-WA0000\" \/><\/li>\n                <li style=\"display: none; width: 100%;\" class=\"slide-1663 ms-image\" aria-roledescription=\"slide\" aria-label=\"slide-1663\"><img src=\"https:\/\/ifd3-sgo.infd.edu.ar\/sitio\/wp-content\/uploads\/2019\/05\/participacio-bio-1043x230.jpg\" height=\"230\" width=\"1043\" alt=\"\" class=\"slider-1539 slide-1663\" title=\"participacio bio\" \/><\/li>\n                <li style=\"display: none; width: 100%;\" class=\"slide-1664 ms-image\" aria-roledescription=\"slide\" aria-label=\"slide-1664\"><img src=\"https:\/\/ifd3-sgo.infd.edu.ar\/sitio\/wp-content\/uploads\/2018\/08\/IMG_9159-1043x230.jpg\" height=\"230\" width=\"1043\" alt=\"\" class=\"slider-1539 slide-1664\" title=\"IMG_9159\" \/><\/li>\n                <li style=\"display: none; width: 100%;\" class=\"slide-1665 ms-image\" aria-roledescription=\"slide\" aria-label=\"slide-1665\"><img src=\"https:\/\/ifd3-sgo.infd.edu.ar\/sitio\/wp-content\/uploads\/2018\/08\/IMG-20171018-WA0071_1-1043x230.jpg\" height=\"230\" width=\"1043\" alt=\"\" class=\"slider-1539 slide-1665\" title=\"IMG-20171018-WA0071_1\" \/><\/li>\n                <li style=\"display: none; width: 100%;\" class=\"slide-1666 ms-image\" aria-roledescription=\"slide\" aria-label=\"slide-1666\"><img src=\"https:\/\/ifd3-sgo.infd.edu.ar\/sitio\/wp-content\/uploads\/2018\/08\/IMG-20171018-WA0010-1043x230.jpg\" height=\"230\" width=\"1043\" alt=\"\" class=\"slider-1539 slide-1666\" title=\"IMG-20171018-WA0010\" \/><\/li>\n            <\/ul>\n        <\/div>\n        \n    <\/div>\n<\/div><\/p>\n<hr \/>\n","protected":false},"excerpt":{"rendered":"<p>Instituto Superior de Formaci\u00f3n Docente N\u00b03 Este Instituto Superior se encuentra en la ciudad de Fern\u00e1ndez, a 50 Km. al S.E. de la capital de la Provincia de Santiago del Estero y forma parte del sistema de educaci\u00f3n p\u00fablica de gesti\u00f3n estatal. A trav\u00e9s de este sitio en Internet, nuestro Instituto intentar\u00e1 comunicar novedades, acercar &#8230; <a title=\"Inicio\" class=\"read-more\" href=\"https:\/\/ifd3-sgo.infd.edu.ar\/sitio\/\" aria-label=\"More on Inicio\">[+]<\/a><\/p>\n","protected":false},"author":1,"featured_media":0,"parent":0,"menu_order":0,"comment_status":"closed","ping_status":"closed","template":"","meta":[],"acf":[],"_links":{"self":[{"href":"https:\/\/ifd3-sgo.infd.edu.ar\/sitio\/wp-json\/wp\/v2\/pages\/286"}],"collection":[{"href":"https:\/\/ifd3-sgo.infd.edu.ar\/sitio\/wp-json\/wp\/v2\/pages"}],"about":[{"href":"https:\/\/ifd3-sgo.infd.edu.ar\/sitio\/wp-json\/wp\/v2\/types\/page"}],"author":[{"embeddable":true,"href":"https:\/\/ifd3-sgo.infd.edu.ar\/sitio\/wp-json\/wp\/v2\/users\/1"}],"replies":[{"embeddable":true,"href":"https:\/\/ifd3-sgo.infd.edu.ar\/sitio\/wp-json\/wp\/v2\/comments?post=286"}],"version-history":[{"count":87,"href":"https:\/\/ifd3-sgo.infd.edu.ar\/sitio\/wp-json\/wp\/v2\/pages\/286\/revisions"}],"predecessor-version":[{"id":2104,"href":"https:\/\/ifd3-sgo.infd.edu.ar\/sitio\/wp-json\/wp\/v2\/pages\/286\/revisions\/2104"}],"wp:attachment":[{"href":"https:\/\/ifd3-sgo.infd.edu.ar\/sitio\/wp-json\/wp\/v2\/media?parent=286"}],"curies":[{"name":"wp","href":"https:\/\/api.w.org\/{rel}","templated":true}]}}