{"id":1732,"date":"2021-07-01T19:26:00","date_gmt":"2021-07-01T22:26:00","guid":{"rendered":"https:\/\/ifd3-sgo.infd.edu.ar\/sitio\/?page_id=1732"},"modified":"2023-04-13T19:47:30","modified_gmt":"2023-04-13T22:47:30","slug":"proyectos-de-catedras","status":"publish","type":"page","link":"https:\/\/ifd3-sgo.infd.edu.ar\/sitio\/proyectos-de-catedras\/","title":{"rendered":"Proyectos de C\u00e1tedras"},"content":{"rendered":"<p><img decoding=\"async\" loading=\"lazy\" class=\"alignleft\" src=\"https:\/\/e7.pngegg.com\/pngimages\/408\/212\/png-clipart-project-management-body-of-knowledge-project-management-professional-project-manager-management-project-miscellaneous-text.png\" alt=\"Gesti\u00f3n de proyectos cuerpo de conocimientos gesti\u00f3n de proyectos gestor de proyectos profesional, gesti\u00f3n de proyectos, diverso, texto png | PNGEgg\" width=\"62\" height=\"55\" \/>Desde aqu\u00ed podr\u00e1n acceder a los proyectos de c\u00e1tedras de los distintos espacios curriculares.<\/p>\n<ul>\n<li><a href=\"https:\/\/ifd3-sgo.infd.edu.ar\/sitio\/wp-content\/uploads\/2021\/07\/Residencia-y-Sistematizacion-de-Experiencias.pdf\">Residencia y Sistematizaci\u00f3n de Experiencias<\/a><\/li>\n<li><a href=\"https:\/\/ifd3-sgo.infd.edu.ar\/sitio\/wp-content\/uploads\/2021\/07\/Morfofisiolog\u00eda-Animal.pdf\">Morfofisiolog\u00eda Animal<\/a><\/li>\n<li><a href=\"https:\/\/ifd3-sgo.infd.edu.ar\/sitio\/wp-content\/uploads\/2021\/07\/Alfabetizaci\u00f3n.pdf\">Alfabetizaci\u00f3n<\/a><\/li>\n<li><a href=\"https:\/\/ifd3-sgo.infd.edu.ar\/sitio\/wp-content\/uploads\/2021\/07\/Formaci\u00f3n-Etica-y-Ciudadana.pdf\" target=\"_blank\" rel=\"noopener\">Formaci\u00f3n \u00c9tica y Ciudadana<\/a><\/li>\n<li><\/li>\n<\/ul>\n","protected":false},"excerpt":{"rendered":"<p>Desde aqu\u00ed podr\u00e1n acceder a los proyectos de c\u00e1tedras de los distintos espacios curriculares. Residencia y Sistematizaci\u00f3n de Experiencias Morfofisiolog\u00eda Animal Alfabetizaci\u00f3n Formaci\u00f3n \u00c9tica y Ciudadana<\/p>\n","protected":false},"author":24,"featured_media":0,"parent":0,"menu_order":0,"comment_status":"closed","ping_status":"closed","template":"","meta":[],"acf":[],"_links":{"self":[{"href":"https:\/\/ifd3-sgo.infd.edu.ar\/sitio\/wp-json\/wp\/v2\/pages\/1732"}],"collection":[{"href":"https:\/\/ifd3-sgo.infd.edu.ar\/sitio\/wp-json\/wp\/v2\/pages"}],"about":[{"href":"https:\/\/ifd3-sgo.infd.edu.ar\/sitio\/wp-json\/wp\/v2\/types\/page"}],"author":[{"embeddable":true,"href":"https:\/\/ifd3-sgo.infd.edu.ar\/sitio\/wp-json\/wp\/v2\/users\/24"}],"replies":[{"embeddable":true,"href":"https:\/\/ifd3-sgo.infd.edu.ar\/sitio\/wp-json\/wp\/v2\/comments?post=1732"}],"version-history":[{"count":3,"href":"https:\/\/ifd3-sgo.infd.edu.ar\/sitio\/wp-json\/wp\/v2\/pages\/1732\/revisions"}],"predecessor-version":[{"id":1918,"href":"https:\/\/ifd3-sgo.infd.edu.ar\/sitio\/wp-json\/wp\/v2\/pages\/1732\/revisions\/1918"}],"wp:attachment":[{"href":"https:\/\/ifd3-sgo.infd.edu.ar\/sitio\/wp-json\/wp\/v2\/media?parent=1732"}],"curies":[{"name":"wp","href":"https:\/\/api.w.org\/{rel}","templated":true}]}}