{"id":1245,"date":"2018-08-31T17:20:00","date_gmt":"2018-08-31T20:20:00","guid":{"rendered":"https:\/\/ifd3-sgo.infd.edu.ar\/sitio\/tutorias\/"},"modified":"2024-05-09T19:31:09","modified_gmt":"2024-05-09T22:31:09","slug":"tutorias","status":"publish","type":"page","link":"https:\/\/ifd3-sgo.infd.edu.ar\/sitio\/tutorias\/","title":{"rendered":"TUTORIAS"},"content":{"rendered":"<p><img decoding=\"async\" src=\"http:\/\/200.21.199.181\/humanidades\/images\/VARIAS-2015-julio\/foto-tutoria.JPG\" alt=\"Resultado de imagen para tutoria\" border=\"0\" \/><\/p>\n<p style=\"text-align: justify;\"><img decoding=\"async\" src=\"https:\/\/encrypted-tbn1.gstatic.com\/images?q=tbn:ANd9GcStJLqd9KHDwej6E3wf8mgeXGwXaNGeNQ2wNzV0OpDEYGupR8R0\" alt=\"Imagen relacionada\" border=\"0\" \/>Desde las horas institucionales se detalla el<strong> cronograma de tutor\u00edas<\/strong> destinadas a alumnos de diferentes carreras previo a ex\u00e1menes.<\/p>\n<table border=\"1\" cellspacing=\"0\" cellpadding=\"0\">\n<tbody>\n<tr style=\"background-color: #edd9a0;\">\n<td style=\"text-align: center;\" valign=\"top\" width=\"192\"><span style=\"font-family: comic sans ms, sans-serif;\"><b>D\u00cdA<\/b><\/span><\/td>\n<td valign=\"top\" width=\"192\">\n<p style=\"text-align: center;\"><strong><span style=\"font-family: 'comic sans ms', sans-serif;\">HORARIOS<\/span><\/strong><\/p>\n<\/td>\n<td style=\"text-align: center;\" valign=\"top\" width=\"192\"><strong><span style=\"font-family: 'comic sans ms', sans-serif;\">PROFESOR<\/span><\/strong><\/td>\n<\/tr>\n<tr>\n<td style=\"text-align: center;\" valign=\"top\" width=\"192\">Martes<\/p>\n<p>Jueves<\/td>\n<td style=\"text-align: center;\" valign=\"top\" width=\"192\">20:00 a 21:30<\/p>\n<p>19:05 a 21:15<\/td>\n<td valign=\"top\" width=\"192\">Prof. Zalazar, Walter<\/td>\n<\/tr>\n<tr>\n<td style=\"text-align: center;\" valign=\"top\" width=\"192\">Mi\u00e9rcoles<\/td>\n<td style=\"text-align: center;\" valign=\"top\" width=\"192\">17:00 a 19:00<\/td>\n<td valign=\"top\" width=\"192\">Prof. \u00c1guila, Cristina<\/td>\n<\/tr>\n<tr>\n<td style=\"text-align: center;\" valign=\"top\" width=\"192\">Mi\u00e9rcoles<\/td>\n<td style=\"text-align: center;\" valign=\"top\" width=\"192\">17:00 a 19:00<\/td>\n<td valign=\"top\" width=\"192\">Prof. Leguizam\u00f3n, Natalia<\/td>\n<\/tr>\n<tr>\n<td style=\"text-align: center;\" valign=\"top\" width=\"192\">Lunes<\/td>\n<td style=\"text-align: center;\" valign=\"top\" width=\"192\">20:35 a 21:30<\/td>\n<td valign=\"top\" width=\"192\">Prof. Carabajal, Fernando<\/td>\n<\/tr>\n<tr>\n<td style=\"text-align: center;\" valign=\"top\" width=\"192\">Lunes<\/td>\n<td style=\"text-align: center;\" valign=\"top\" width=\"192\">17:00<\/td>\n<td valign=\"top\" width=\"192\">Prof. Cura, Lucrecia<\/td>\n<\/tr>\n<tr>\n<td style=\"text-align: center;\" valign=\"top\" width=\"192\">Viernes<\/td>\n<td style=\"text-align: center;\" valign=\"top\" width=\"192\">19:00 a 20:00<\/td>\n<td valign=\"top\" width=\"192\">Prof. Trejo, Miriam<\/td>\n<\/tr>\n<tr>\n<td style=\"text-align: center;\" valign=\"top\" width=\"192\">Viernes<\/td>\n<td style=\"text-align: center;\" valign=\"top\" width=\"192\">18:30 a 20:30<\/td>\n<td valign=\"top\" width=\"192\">Prof. Santucho Veronica<\/td>\n<\/tr>\n<tr>\n<td style=\"text-align: center;\" valign=\"top\" width=\"192\">Viernes<\/td>\n<td style=\"text-align: center;\" valign=\"top\" width=\"192\">17:45 a \u00a020:00<\/td>\n<td valign=\"top\" width=\"192\">Prof. Paz, Lorena<\/td>\n<\/tr>\n<tr>\n<td style=\"text-align: center;\" valign=\"top\" width=\"192\">Mi\u00e9rcoles<\/td>\n<td style=\"text-align: center;\" valign=\"top\" width=\"192\">17:45 a 21:55<\/td>\n<td valign=\"top\" width=\"192\">Prof. Palavecino, Mariana<\/td>\n<\/tr>\n<\/tbody>\n<\/table>\n","protected":false},"excerpt":{"rendered":"<p>Desde las horas institucionales se detalla el cronograma de tutor\u00edas destinadas a alumnos de diferentes carreras previo a ex\u00e1menes. D\u00cdA HORARIOS PROFESOR Martes Jueves 20:00 a 21:30 19:05 a 21:15 Prof. Zalazar, Walter Mi\u00e9rcoles 17:00 a 19:00 Prof. \u00c1guila, Cristina Mi\u00e9rcoles 17:00 a 19:00 Prof. Leguizam\u00f3n, Natalia Lunes 20:35 a 21:30 Prof. Carabajal, Fernando Lunes &#8230; <a title=\"TUTORIAS\" class=\"read-more\" href=\"https:\/\/ifd3-sgo.infd.edu.ar\/sitio\/tutorias\/\" aria-label=\"More on TUTORIAS\">[+]<\/a><\/p>\n","protected":false},"author":835,"featured_media":0,"parent":0,"menu_order":0,"comment_status":"closed","ping_status":"closed","template":"","meta":[],"acf":[],"_links":{"self":[{"href":"https:\/\/ifd3-sgo.infd.edu.ar\/sitio\/wp-json\/wp\/v2\/pages\/1245"}],"collection":[{"href":"https:\/\/ifd3-sgo.infd.edu.ar\/sitio\/wp-json\/wp\/v2\/pages"}],"about":[{"href":"https:\/\/ifd3-sgo.infd.edu.ar\/sitio\/wp-json\/wp\/v2\/types\/page"}],"author":[{"embeddable":true,"href":"https:\/\/ifd3-sgo.infd.edu.ar\/sitio\/wp-json\/wp\/v2\/users\/835"}],"replies":[{"embeddable":true,"href":"https:\/\/ifd3-sgo.infd.edu.ar\/sitio\/wp-json\/wp\/v2\/comments?post=1245"}],"version-history":[{"count":3,"href":"https:\/\/ifd3-sgo.infd.edu.ar\/sitio\/wp-json\/wp\/v2\/pages\/1245\/revisions"}],"predecessor-version":[{"id":1950,"href":"https:\/\/ifd3-sgo.infd.edu.ar\/sitio\/wp-json\/wp\/v2\/pages\/1245\/revisions\/1950"}],"wp:attachment":[{"href":"https:\/\/ifd3-sgo.infd.edu.ar\/sitio\/wp-json\/wp\/v2\/media?parent=1245"}],"curies":[{"name":"wp","href":"https:\/\/api.w.org\/{rel}","templated":true}]}}