{"id":1213,"date":"2018-08-31T17:19:48","date_gmt":"2018-08-31T20:19:48","guid":{"rendered":"https:\/\/ifd3-sgo.infd.edu.ar\/sitio\/horario-de-clases-2\/"},"modified":"2024-05-22T20:00:15","modified_gmt":"2024-05-22T23:00:15","slug":"horario-de-clases-2","status":"publish","type":"page","link":"https:\/\/ifd3-sgo.infd.edu.ar\/sitio\/horario-de-clases-2\/","title":{"rendered":"Horario de Clases"},"content":{"rendered":"<p><span style=\"font-size: 10pt;\"><strong style=\"text-align: center;\"><span style=\"color: #339966; font-size: 12pt;\"><img decoding=\"async\" loading=\"lazy\" class=\"irc_mi if87FMQoNbmc-pQOPx8XEepE alignleft\" style=\"border: 0; vertical-align: baseline;\" src=\"http:\/\/www.colegiomunoz.edu.mx\/formatos\/botones\/boton-descargar2-01.jpg\" width=\"107\" height=\"85\" border=\"0\" \/><\/span><\/strong>Aqui se mues<\/span><span style=\"font-size: 10pt;\">tran los horarios de clases del periodo 2024 de todos los cursos de la carrera de <em>Educaci\u00f3n Secundaria en Geograf\u00eda<\/em> con sus espacios curriculares correspondientes y sus determinados profesores, d\u00edas y hora.<\/span><\/p>\n\n\n<div class=\"wp-block-file\"><object class=\"wp-block-file__embed\" data=\"https:\/\/ifd3-sgo.infd.edu.ar\/sitio\/wp-content\/uploads\/2024\/05\/GEOGRAFIA-HORARIOS-2024.pdf\" type=\"application\/pdf\" style=\"width:100%;height:600px\" aria-label=\"Incrustado de GEOGRAFIA-HORARIOS-2024.\"><\/object><a id=\"wp-block-file--media-7d5f0b68-e4df-4dfa-a4ac-af5d66584e2d\" href=\"https:\/\/ifd3-sgo.infd.edu.ar\/sitio\/wp-content\/uploads\/2024\/05\/GEOGRAFIA-HORARIOS-2024.pdf\">GEOGRAFIA-HORARIOS-2024<\/a><a href=\"https:\/\/ifd3-sgo.infd.edu.ar\/sitio\/wp-content\/uploads\/2024\/05\/GEOGRAFIA-HORARIOS-2024.pdf\" class=\"wp-block-file__button wp-element-button\" download aria-describedby=\"wp-block-file--media-7d5f0b68-e4df-4dfa-a4ac-af5d66584e2d\">Descarga<\/a><\/div>\n","protected":false},"excerpt":{"rendered":"<p>Aqui se muestran los horarios de clases del periodo 2024 de todos los cursos de la carrera de Educaci\u00f3n Secundaria en Geograf\u00eda con sus espacios curriculares correspondientes y sus determinados profesores, d\u00edas y hora.<\/p>\n","protected":false},"author":835,"featured_media":0,"parent":0,"menu_order":0,"comment_status":"closed","ping_status":"closed","template":"","meta":[],"acf":[],"_links":{"self":[{"href":"https:\/\/ifd3-sgo.infd.edu.ar\/sitio\/wp-json\/wp\/v2\/pages\/1213"}],"collection":[{"href":"https:\/\/ifd3-sgo.infd.edu.ar\/sitio\/wp-json\/wp\/v2\/pages"}],"about":[{"href":"https:\/\/ifd3-sgo.infd.edu.ar\/sitio\/wp-json\/wp\/v2\/types\/page"}],"author":[{"embeddable":true,"href":"https:\/\/ifd3-sgo.infd.edu.ar\/sitio\/wp-json\/wp\/v2\/users\/835"}],"replies":[{"embeddable":true,"href":"https:\/\/ifd3-sgo.infd.edu.ar\/sitio\/wp-json\/wp\/v2\/comments?post=1213"}],"version-history":[{"count":6,"href":"https:\/\/ifd3-sgo.infd.edu.ar\/sitio\/wp-json\/wp\/v2\/pages\/1213\/revisions"}],"predecessor-version":[{"id":1985,"href":"https:\/\/ifd3-sgo.infd.edu.ar\/sitio\/wp-json\/wp\/v2\/pages\/1213\/revisions\/1985"}],"wp:attachment":[{"href":"https:\/\/ifd3-sgo.infd.edu.ar\/sitio\/wp-json\/wp\/v2\/media?parent=1213"}],"curies":[{"name":"wp","href":"https:\/\/api.w.org\/{rel}","templated":true}]}}