{"id":1166,"date":"2018-08-31T17:19:31","date_gmt":"2018-08-31T20:19:31","guid":{"rendered":"https:\/\/ifd3-sgo.infd.edu.ar\/sitio\/ubicacion\/"},"modified":"2019-04-24T18:53:34","modified_gmt":"2019-04-24T21:53:34","slug":"ubicacion","status":"publish","type":"page","link":"https:\/\/ifd3-sgo.infd.edu.ar\/sitio\/ubicacion\/","title":{"rendered":"Ubicaci\u00f3n"},"content":{"rendered":"<p style=\"text-align: justify;\">\u00a0 <span style=\"font-family: verdana,geneva;\"><span style=\"font-size: 10pt;\">El Instituto de Formaci\u00f3n Docente N\u00ba3 est\u00e1 ubicado en la ciudad de Fern\u00e1ndez, la cual es cabecera y ciudad de mayor antig\u00fcedad en el departamento Robles. <\/span><\/span><\/p>\n<p style=\"text-align: justify;\"><span style=\"font-family: verdana,geneva;\"><span style=\"font-size: 10pt;\">Por la ruta nacional N\u00ba34 se conecta con la ciudad Capital, distante a tan solo 48 km. y por esa misma ruta hacia el sur se conecta con Buenos Aires de la que dista 1000 Km. <\/span><\/span><\/p>\n<p style=\"text-align: justify;\"><span style=\"font-family: verdana,geneva;\"><span style=\"font-size: 10pt;\">El Instituto esta enclavado en una zona eminentemente agr\u00edcola &#8211; ganadera y posee una amplia gama de servicios culturales, deportivos, religiosos, sociales, educativos, etc.<\/span><\/span><\/p>\n<p style=\"text-align: justify;\"><span style=\"font-family: verdana,geneva;\"><span style=\"font-size: 10pt;\">\u00a0<\/span><\/span><\/p>\n<p><iframe loading=\"lazy\" src=\"https:\/\/www.google.com\/maps\/embed?pb=!1m18!1m12!1m3!1d3006.430158810674!2d-63.8980915003403!3d-27.92967952983201!2m3!1f0!2f0!3f0!3m2!1i1024!2i768!4f13.1!3m3!1m2!1s0x0%3A0x64c39d34a1a69faf!2sFormaci%C3%B3n+Docente+N3!5e1!3m2!1ses-419!2sar!4v1556143009435!5m2!1ses-419!2sar\" width=\"600\" height=\"450\" frameborder=\"0\" style=\"border:0\" allowfullscreen><\/iframe><\/p>\n","protected":false},"excerpt":{"rendered":"<p>\u00a0 El Instituto de Formaci\u00f3n Docente N\u00ba3 est\u00e1 ubicado en la ciudad de Fern\u00e1ndez, la cual es cabecera y ciudad de mayor antig\u00fcedad en el departamento Robles. Por la ruta nacional N\u00ba34 se conecta con la ciudad Capital, distante a tan solo 48 km. y por esa misma ruta hacia el sur se conecta con &#8230; <a title=\"Ubicaci\u00f3n\" class=\"read-more\" href=\"https:\/\/ifd3-sgo.infd.edu.ar\/sitio\/ubicacion\/\" aria-label=\"More on Ubicaci\u00f3n\">[+]<\/a><\/p>\n","protected":false},"author":835,"featured_media":0,"parent":0,"menu_order":0,"comment_status":"closed","ping_status":"closed","template":"","meta":[],"acf":[],"_links":{"self":[{"href":"https:\/\/ifd3-sgo.infd.edu.ar\/sitio\/wp-json\/wp\/v2\/pages\/1166"}],"collection":[{"href":"https:\/\/ifd3-sgo.infd.edu.ar\/sitio\/wp-json\/wp\/v2\/pages"}],"about":[{"href":"https:\/\/ifd3-sgo.infd.edu.ar\/sitio\/wp-json\/wp\/v2\/types\/page"}],"author":[{"embeddable":true,"href":"https:\/\/ifd3-sgo.infd.edu.ar\/sitio\/wp-json\/wp\/v2\/users\/835"}],"replies":[{"embeddable":true,"href":"https:\/\/ifd3-sgo.infd.edu.ar\/sitio\/wp-json\/wp\/v2\/comments?post=1166"}],"version-history":[{"count":1,"href":"https:\/\/ifd3-sgo.infd.edu.ar\/sitio\/wp-json\/wp\/v2\/pages\/1166\/revisions"}],"predecessor-version":[{"id":1281,"href":"https:\/\/ifd3-sgo.infd.edu.ar\/sitio\/wp-json\/wp\/v2\/pages\/1166\/revisions\/1281"}],"wp:attachment":[{"href":"https:\/\/ifd3-sgo.infd.edu.ar\/sitio\/wp-json\/wp\/v2\/media?parent=1166"}],"curies":[{"name":"wp","href":"https:\/\/api.w.org\/{rel}","templated":true}]}}