{"id":1153,"date":"2018-08-31T17:19:26","date_gmt":"2018-08-31T20:19:26","guid":{"rendered":"https:\/\/ifd3-sgo.infd.edu.ar\/sitio\/datos-institucionales\/"},"modified":"2019-05-13T19:03:17","modified_gmt":"2019-05-13T22:03:17","slug":"datos-institucionales","status":"publish","type":"page","link":"https:\/\/ifd3-sgo.infd.edu.ar\/sitio\/datos-institucionales\/","title":{"rendered":"Datos Institucionales"},"content":{"rendered":"<ul>\n<li><span style=\"font-size: 10pt; font-family: verdana,geneva;\"><strong>Localidad<\/strong>: Fern\u00e1ndez &#8211; Dpto. Robles<\/span><\/li>\n<li><span style=\"font-size: 10pt; font-family: verdana,geneva;\"><strong>Provincia<\/strong>: Santiago del Estero &#8211; Rep\u00fablica Argentina<\/span><\/li>\n<li><span style=\"font-size: 10pt; font-family: verdana,geneva;\"><strong>Direcci\u00f3n<\/strong>: 9 de Julio y Congreso s\/n<\/span><\/li>\n<li><span style=\"font-size: 10pt; font-family: verdana,geneva;\"><strong>Tel\u00e9fono<\/strong>:<br \/>\n<\/span><\/li>\n<li><span style=\"font-size: 10pt; font-family: verdana,geneva;\"><strong>E-mail de consultas:<\/strong>ifd3fer@gmail.com<\/span><\/li>\n<li><span style=\"font-size: 10pt; font-family: verdana,geneva;\"><strong>Facebook:<\/strong> Bedelia Ifd Fernandez<\/span><\/li>\n<li><span style=\"font-size: 10pt; font-family: verdana,geneva;\"><a href=\"http\/\/ifd3.sgo.infd.edu.ar\">URL:http\/\/ifd3.sgo.infd.edu.ar<\/a><\/span><\/li>\n<\/ul>\n","protected":false},"excerpt":{"rendered":"<p>Localidad: Fern\u00e1ndez &#8211; Dpto. Robles Provincia: Santiago del Estero &#8211; Rep\u00fablica Argentina Direcci\u00f3n: 9 de Julio y Congreso s\/n Tel\u00e9fono: E-mail de consultas:ifd3fer@gmail.com Facebook: Bedelia Ifd Fernandez URL:http\/\/ifd3.sgo.infd.edu.ar<\/p>\n","protected":false},"author":835,"featured_media":0,"parent":0,"menu_order":0,"comment_status":"closed","ping_status":"closed","template":"","meta":[],"acf":[],"_links":{"self":[{"href":"https:\/\/ifd3-sgo.infd.edu.ar\/sitio\/wp-json\/wp\/v2\/pages\/1153"}],"collection":[{"href":"https:\/\/ifd3-sgo.infd.edu.ar\/sitio\/wp-json\/wp\/v2\/pages"}],"about":[{"href":"https:\/\/ifd3-sgo.infd.edu.ar\/sitio\/wp-json\/wp\/v2\/types\/page"}],"author":[{"embeddable":true,"href":"https:\/\/ifd3-sgo.infd.edu.ar\/sitio\/wp-json\/wp\/v2\/users\/835"}],"replies":[{"embeddable":true,"href":"https:\/\/ifd3-sgo.infd.edu.ar\/sitio\/wp-json\/wp\/v2\/comments?post=1153"}],"version-history":[{"count":2,"href":"https:\/\/ifd3-sgo.infd.edu.ar\/sitio\/wp-json\/wp\/v2\/pages\/1153\/revisions"}],"predecessor-version":[{"id":1763,"href":"https:\/\/ifd3-sgo.infd.edu.ar\/sitio\/wp-json\/wp\/v2\/pages\/1153\/revisions\/1763"}],"wp:attachment":[{"href":"https:\/\/ifd3-sgo.infd.edu.ar\/sitio\/wp-json\/wp\/v2\/media?parent=1153"}],"curies":[{"name":"wp","href":"https:\/\/api.w.org\/{rel}","templated":true}]}}