{"id":1142,"date":"2018-08-31T17:19:23","date_gmt":"2018-08-31T20:19:23","guid":{"rendered":"https:\/\/ifd3-sgo.infd.edu.ar\/sitio\/tecnico-superior-en-soporte-de-infraestructura-de-tecnologia-de-la-informacion\/"},"modified":"2018-08-31T17:19:23","modified_gmt":"2018-08-31T20:19:23","slug":"tecnico-superior-en-soporte-de-infraestructura-de-tecnologia-de-la-informacion","status":"publish","type":"page","link":"https:\/\/ifd3-sgo.infd.edu.ar\/sitio\/tecnico-superior-en-soporte-de-infraestructura-de-tecnologia-de-la-informacion\/","title":{"rendered":"T\u00e9cnico Superior en soporte de infraestructura de Tecnolog\u00eda de la Informaci\u00f3n"},"content":{"rendered":"<p><img decoding=\"async\" loading=\"lazy\" class=\"irc_mi im3VA2PpbPBo-pQOPx8XEepE\" style=\"display: block; border: 0px none; vertical-align: top; margin-left: auto; margin-right: auto;\" src=\"http:\/\/www.agro.uba.ar\/sites\/default\/files\/uti\/vigilancia-tecnologica1.jpg\" border=\"0\" width=\"479\" height=\"332\"><\/p>\n<p>&nbsp;<\/p>\n<p style=\"text-align: justify;\"><span style=\"font-size: 10pt; font-family: verdana,geneva;\">El T&eacute;cnico Superior en Soporte de Infraestructura de Tecnolog&iacute;a de la Informaci&oacute;n presta servicios de administraci&oacute;n y soporte de sistemas de base y elementos de infraestructura para el procesamiento de aplicaciones inform&aacute;ticas, tales como servidores y clusters (local, o remota); dispositivos de almacenamiento masivo; otros dispositivos de hardware; sistemas operativos, m&aacute;quinas virtuales y administradores de redes; servicios de comunicaciones a trav&eacute;s de redes p&uacute;blicas y privadas; entre otras.<\/span><\/p>\n<p style=\"text-align: justify;\"><span style=\"font-size: 10pt; font-family: verdana,geneva;\">Brinda servicios de administracion de la Infraestructura Tecnol&oacute;gica en la cual opera el software de estas aplicaciones interviniendo en forma puntual para resolver los problemas que experimente esa infraestructura o su eficiencia operativa y pongan en riesgo la continuidad del servicio a la organizaci&oacute;n usuaria, instalar componentes o migrar sistemas.<\/span><\/p>\n<p style=\"text-align: justify;\"><span style=\"font-family: verdana,geneva;\">&nbsp;<\/span><\/p>\n<p style=\"text-align: center;\"><span style=\"font-size: 10pt; font-family: verdana,geneva;\"><a title=\"Perfil del Egresado\" href=\"index.cgi?wid_item=59&amp;wid_seccion=23\">&nbsp;<span style=\"color: #800080;\">PERFIL DEL EGRESADO<\/span><\/a><\/span><\/p>\n<p class=\"Section3\" style=\"text-align: center;\"><span style=\"font-size: 10pt; font-family: verdana,geneva;\">FORMATOS DE LAS UNIDADES CURRICULARES<\/span><\/p>\n<p class=\"Section3\" style=\"text-align: center;\"><span style=\"font-size: 10pt; font-family: verdana,geneva;\">FORMAS POSIBLES DE ACREDITACI&Oacute;N<\/span><\/p>\n<p style=\"text-align: center;\"><span style=\"font-size: 10pt; font-family: verdana,geneva;\">&nbsp;<strong>ESTRUCTURA CURRICULAR&nbsp;<\/strong><\/span><\/p>\n<p style=\"text-align: center;\"><span style=\"color: #000000; font-family: verdana,geneva;\">&nbsp;<\/span><\/p>\n<p>&nbsp;<img decoding=\"async\" loading=\"lazy\" class=\"irc_mi itAkevxfSy94-pQOPx8XEepE\" style=\"border: 0px none; vertical-align: top; display: block; margin-left: auto; margin-right: auto;\" src=\"http:\/\/onairosjs.files.wordpress.com\/2007\/06\/click.gif?w=370\" border=\"0\" width=\"65\" height=\"27\"><\/p><\/p>\n","protected":false},"excerpt":{"rendered":"<p>&nbsp; El T&eacute;cnico Superior en Soporte de Infraestructura de Tecnolog&iacute;a de la Informaci&oacute;n presta servicios de administraci&oacute;n y soporte de sistemas de base y elementos de infraestructura para el procesamiento de aplicaciones inform&aacute;ticas, tales como servidores y clusters (local, o remota); dispositivos de almacenamiento masivo; otros dispositivos de hardware; sistemas operativos, m&aacute;quinas virtuales y administradores &#8230; <a title=\"T\u00e9cnico Superior en soporte de infraestructura de Tecnolog\u00eda de la Informaci\u00f3n\" class=\"read-more\" href=\"https:\/\/ifd3-sgo.infd.edu.ar\/sitio\/tecnico-superior-en-soporte-de-infraestructura-de-tecnologia-de-la-informacion\/\" aria-label=\"More on T\u00e9cnico Superior en soporte de infraestructura de Tecnolog\u00eda de la Informaci\u00f3n\">[+]<\/a><\/p>\n","protected":false},"author":835,"featured_media":0,"parent":0,"menu_order":0,"comment_status":"closed","ping_status":"closed","template":"","meta":[],"acf":[],"_links":{"self":[{"href":"https:\/\/ifd3-sgo.infd.edu.ar\/sitio\/wp-json\/wp\/v2\/pages\/1142"}],"collection":[{"href":"https:\/\/ifd3-sgo.infd.edu.ar\/sitio\/wp-json\/wp\/v2\/pages"}],"about":[{"href":"https:\/\/ifd3-sgo.infd.edu.ar\/sitio\/wp-json\/wp\/v2\/types\/page"}],"author":[{"embeddable":true,"href":"https:\/\/ifd3-sgo.infd.edu.ar\/sitio\/wp-json\/wp\/v2\/users\/835"}],"replies":[{"embeddable":true,"href":"https:\/\/ifd3-sgo.infd.edu.ar\/sitio\/wp-json\/wp\/v2\/comments?post=1142"}],"version-history":[{"count":0,"href":"https:\/\/ifd3-sgo.infd.edu.ar\/sitio\/wp-json\/wp\/v2\/pages\/1142\/revisions"}],"wp:attachment":[{"href":"https:\/\/ifd3-sgo.infd.edu.ar\/sitio\/wp-json\/wp\/v2\/media?parent=1142"}],"curies":[{"name":"wp","href":"https:\/\/api.w.org\/{rel}","templated":true}]}}