{"id":1137,"date":"2018-08-31T17:19:21","date_gmt":"2018-08-31T20:19:21","guid":{"rendered":"https:\/\/ifd3-sgo.infd.edu.ar\/sitio\/biblioteca\/"},"modified":"2019-09-12T18:58:27","modified_gmt":"2019-09-12T21:58:27","slug":"biblioteca","status":"publish","type":"page","link":"https:\/\/ifd3-sgo.infd.edu.ar\/sitio\/biblioteca\/","title":{"rendered":"BIBLIOTECA"},"content":{"rendered":"<p><img decoding=\"async\" class=\"rg_i\" style=\"width: 260px; height: 160px; border: 0; float: right;\" src=\"https:\/\/encrypted-tbn3.gstatic.com\/images?q=tbn:ANd9GcT6E6jejaNceQWMumNEv1UKpTRM_18_iwMnNhCGMWq_lmXqHVkU8Q\" alt=\"Resultado de imagen para biblioteca virtual\" name=\"QFpb0icC9rPLOM:\" border=\"0\" data-src=\"https:\/\/encrypted-tbn3.gstatic.com\/images?q=tbn:ANd9GcT6E6jejaNceQWMumNEv1UKpTRM_18_iwMnNhCGMWq_lmXqHVkU8Q\" data-sz=\"f\" \/><\/p>\n<p><span style=\"font-size: 10pt;\"><strong><span style=\"font-size: 18pt;\">L<\/span><\/strong>a biblioteca del profesorado del Instituto de Formaci\u00f3n Docente N\u00b03, cuenta con una biblioteca variada para la lectura del docente y alumno en la cual podr\u00e1n acceder a ella en los siguientes horarios:<\/span><\/p>\n<p><span style=\"font-size: 10pt;\"><strong>orario de atenci\u00f3n:<\/strong><\/span><\/p>\n<ul>\n<li><span style=\"font-size: 10pt;\">Lunes a viernes desde <strong>17:45 a 21:45<\/strong><\/span><\/li>\n<\/ul>\n<p><span style=\"font-size: 10pt;\">\u00a0<\/span><span style=\"font-size: 10pt;\">La misma cuenta con libros de: Geograf\u00eda, Biolog\u00eda, Formaci\u00f3n docente, Filosof\u00eda, did\u00e1ctica, psicolog\u00eda, literatura, ecolog\u00eda, tecnolog\u00eda, econom\u00eda, administraci\u00f3n, entre otros.<\/span><\/p>\n<p><span style=\"font-size: 10pt;\">Tambi\u00e9n podr\u00e1n acceder a una biblioteca virtual para la b\u00fasqueda y selecci\u00f3n de la informaci\u00f3n, y a su vez encontraran link de bibliogr\u00e1fica digital para cada espacio curricular de acuerdo a su Carrera correspondiente, en donde podr\u00e1n descargarlo y as\u00ed comenzar a trabajar.<\/span><\/p>\n<hr \/>\n<p><span class=\"irc_mi i6_DElwk9chU-pQOPx8XEepE\" style=\"border: 0; float: left;\"><strong><img decoding=\"async\" loading=\"lazy\" class=\"irc_mi i6_DElwk9chU-pQOPx8XEepE\" style=\"border: 0; vertical-align: top;\" src=\"http:\/\/arthritis.org.gr\/wp-content\/uploads\/2014\/01\/links.jpg\" width=\"68\" height=\"68\" border=\"0\" \/><\/strong><\/span><\/p>\n<p><span style=\"font-size: 12pt;\"><strong><span class=\"irc_mi i6_DElwk9chU-pQOPx8XEepE\" style=\"border: 0px none; float: left;\">\u00a0BIBLIOTECAS VIRTUALES<\/span><\/strong><\/span><\/p>\n<p style=\"text-align: left;\"><span style=\"font-size: 12pt;\"><strong>\u00a0<\/strong><\/span><\/p>\n<hr \/>\n<p style=\"text-align: left;\">\u00a0 <img decoding=\"async\" loading=\"lazy\" style=\"border: 0; vertical-align: middle;\" src=\"https:\/\/ifd3-sgo.infd.edu.ar\/sitio\/wp-content\/uploads\/2018\/08\/2g8A5FlEG00Ihimagen_incrustada1.png\" width=\"37\" height=\"41\" border=\"0\" \/><span style=\"font-size: 10pt;\"><a href=\"https:\/\/es.wikisource.org\/wiki\/Categor%C3%ADa:Autores-T\" target=\"_blank\" rel=\"noopener\">https:\/\/es.wikisource.org\/wiki\/Categor%C3%ADa:Autores-T<\/a><\/span><\/p>\n<p style=\"text-align: left;\"><span style=\"font-size: 10pt;\"><img decoding=\"async\" loading=\"lazy\" style=\"border: 0; vertical-align: middle;\" src=\"https:\/\/ifd3-sgo.infd.edu.ar\/sitio\/wp-content\/uploads\/2018\/08\/2GmHq94MEE89bimagen_incrustada2.png\" width=\"56\" height=\"26\" border=\"0\" \/><a href=\"http:\/\/bibliotecadigital.educ.ar\/categories\/%20\" target=\"_blank\" rel=\"noopener\">http:\/\/bibliotecadigital.educ.ar\/categories\/\u00a0<\/a><\/span><\/p>\n<p style=\"text-align: left;\"><span style=\"font-size: 10pt;\"><img decoding=\"async\" loading=\"lazy\" style=\"border: 0px none; vertical-align: middle;\" src=\"https:\/\/ifd3-sgo.infd.edu.ar\/sitio\/wp-content\/uploads\/2018\/08\/2Yilc2Mi5hRjzimagen_incrustada3.png\" width=\"51\" height=\"37\" border=\"0\" \/><a href=\"http:\/\/www.biblioteca.org.ar\/docentes.htm\" target=\"_blank\" rel=\"noopener\">http:\/\/www.biblioteca.org.ar\/docentes.htm<\/a><\/span><\/p>\n<p style=\"text-align: left;\"><span style=\"font-size: 10pt;\">\u00a0<img decoding=\"async\" loading=\"lazy\" style=\"border: 0px none; vertical-align: middle;\" src=\"https:\/\/ifd3-sgo.infd.edu.ar\/sitio\/wp-content\/uploads\/2018\/08\/9COTOxTsVI5rimagen_incrustada4.png\" width=\"61\" height=\"40\" border=\"0\" \/><a href=\"http:\/\/www.gratislibros.com.ar\/\">http:\/\/www.gratislibros.com.ar\/<\/a><\/span><\/p>\n<p style=\"text-align: left;\"><span style=\"font-size: 10pt;\">\u00a0<\/span><span style=\"font-size: 10pt;\"><a title=\"Mart\u00edn Fierro Interactivo\" href=\"http:\/\/fierro.bn.gov.ar\/fierro.php#\" target=\"_blank\" rel=\"noopener\"><img decoding=\"async\" loading=\"lazy\" src=\"http:\/\/photos1.blogger.com\/blogger\/2899\/1124\/1600\/fierro1.gif\" alt=\"Imagen relacionada\" width=\"46\" height=\"58\" border=\"0\" \/>\u00a0http:\/\/fierro.bn.gov.ar\/fierro.php#<\/a><\/span><\/p>\n<hr \/>\n<p><strong>\u00a0 <img decoding=\"async\" loading=\"lazy\" class=\"aligncenter\" src=\"http:\/\/www.colegiomunoz.edu.mx\/formatos\/botones\/descargar.gif\" alt=\"Imagen relacionada\" width=\"306\" height=\"88\" \/><\/strong><\/p>\n<hr \/>\n<p><strong><span style=\"color: #000000;\">PRACTICA I<\/span><\/strong><\/p>\n<ul>\n<li><a href=\"http:\/\/pdfhumanidades.com\/sites\/default\/files\/apuntes\/Cara-y-Ceca-las-instituciiones-educativas.pdf\">\u00a0Instituciones Educativas Cara y Seca.\u00a0<\/a><a href=\"http:\/\/pdfhumanidades.com\/sites\/default\/files\/apuntes\/Cara-y-Ceca-las-instituciiones-educativas.pdf\">Graciela Frigerio. Margarita Poggi. Guillermina Tiramonti<\/a><\/li>\n<\/ul>\n<hr \/>\n<p><span style=\"color: #0000ff;\"><strong><span style=\"color: #000000;\">PRACTICA \u00a0III (TSAP)<\/span><\/strong>\u00a0<\/span><\/p>\n<ul>\n<li><a href=\"https:\/\/ifd3-sgo.infd.edu.ar\/sitio\/wp-content\/uploads\/2019\/04\/TESINA-COMPONENTES.pdf\">TESINA COMPONENTES<\/a><\/li>\n<li>\u00a0<a href=\"https:\/\/ifd3-sgo.infd.edu.ar\/sitio\/wp-content\/uploads\/2019\/04\/Desarrollo-Local-y-Regional-J.-Emilio-Graglia-Pdf.pdf\">Desarrollo Local y Regional &#8211; J. Emilio Graglia (Pdf)<\/a><\/li>\n<li><a href=\"https:\/\/ifd3-sgo.infd.edu.ar\/sitio\/wp-content\/uploads\/2019\/04\/Gesti\u00f3n-y-Evaluaci\u00f3n-del-Desarrollo-Local-y-Regional.pdf\">Gesti\u00f3n y Evaluaci\u00f3n del Desarrollo Local y Regional.J. Emilio Graglia. (pdf)<\/a><\/li>\n<\/ul>\n<hr \/>\n<p><span style=\"color: #000000;\"><strong>SUJETOS DE LA EDUCACI\u00d3N\u00a0<\/strong><\/span><\/p>\n<ul>\n<li><em><strong>Southwell, M.<\/strong> \u00a02008. \u201cHaciendo un poco de historia: la \u201cModernidad\u201d y sus promesas\u201d y \u201cLas trasformaciones del presente \u00bftiempos pos modernos?. En Formaci\u00f3n cultural contempor\u00e1nea: m\u00f3dulo para docentes.1\u00b0ed. \u00a0Ministerio de Educaci\u00f3n ciencia y tecnolog\u00eda de la Naci\u00f3n. Bs.As. <\/em>Disponible en <a href=\"http:\/\/www.bnm.me.gov.ar\/giga1\/documentos\/EL001590.pdf\"><em>http:\/\/www.bnm.me.gov.ar\/giga1\/documentos\/EL001590.pdf<\/em><\/a><\/li>\n<li><em>Ministerio de Educaci\u00f3n de la Naci\u00f3n Embarazo no intencional en la adolescencia. Contenido de ESI para el Nivel Secundario. Secundaria 2030. Disponible <\/em><a href=\"http:\/\/www.bnm.me.gov.ar\/giga1\/documentos\/EL006067.pdf\"><em>http:\/\/www.bnm.me.gov.ar\/giga1\/documentos\/EL006067.pdf<\/em><\/a><em> \u00faltima consulta 05 de mayo del 2019. <\/em><\/li>\n<li><em><strong>Tenti F<\/strong>. 2000. Culturas juveniles y cultura Escolar. Trabajo autorizado por la IIPE\/UNESCO. Sede Regional. Bs. As.<\/em>\u00a0<em>Disponible en: <\/em><a href=\"https:\/\/www.ses.unam.mx\/curso2009\/materiales\/m4\/s2\/M4_Sesion2_Tenti.pdf\"><em>https:\/\/www.ses.unam.mx\/curso2009\/materiales\/m4\/s2\/M4_Sesion2_Tenti.pdf<\/em><\/a><\/li>\n<li><strong><em>V\u00eddeos: <\/em><\/strong><em><strong>Mejor hablar de ciertas cosas<\/strong>, 3\u00aa temporada: Adolescencia. Canal Encuentro.\u00a0\u00a0 <\/em><a href=\"https:\/\/youtu.be\/awE17uiimMo\"><em>https:\/\/youtu.be\/awE17uiimMo<\/em><\/a><em> \u00a0(\u00faltima consulta: 05\/05\/19)<\/em><em><strong>\u201cLa Educaci\u00f3n de Adolescentes y j\u00f3venes\u201d<\/strong> Disponible en:\u00a0<\/em><a href=\"https:\/\/www.youtube.com\/watch?v=3nXgpj9PRKc\">https:\/\/www.youtube.com\/watch?v=3nXgpj9PRKc<\/a> (\u00faltima consulta 29\/04\/19)<\/li>\n<\/ul>\n<ul>\n<li><em><strong>Mancebo,M,Goyeneche ,G.<\/strong> \u201cLas pol\u00edticas de inclusi\u00f3n educativa: de la exclusi\u00f3n social y la innovaci\u00f3n pedag\u00f3gica\u201d. Universidad Nacional de la Plata. A\u00f1o 2010. Disponible\u00a0\u00a0\u00a0\u00a0\u00a0\u00a0\u00a0 <\/em><a href=\"http:\/\/www.memoria.fahce.unlp.edu.ar\/trab_eventos\/ev.5273\/ev.5273.pdf\"><em>http:\/\/www.memoria.fahce.unlp.edu.ar\/trab_eventos\/ev.5273\/ev.5273.pdf<\/em><\/a><\/li>\n<li><em><strong>Ju\u00e1rez Serv\u00edn, M.<\/strong> \u201cDe la Integraci\u00f3n a la inclusi\u00f3n Educativa\u201d. UNAM.Mexico. A\u00f1o 2008. Disponible en:\u00a0<\/em><em>\u00a0\u00a0<\/em><a href=\"http:\/\/blogs.fad.unam.mx\/academicos\/mauricio_juarez\/wp-content\/uploads\/2018\/04\/inclusion.pdf\"><em>http:\/\/blogs.fad.unam.mx\/academicos\/mauricio_juarez\/wp-content\/uploads\/2018\/04\/inclusion.pdf<\/em><\/a><\/li>\n<\/ul>\n<ul>\n<li><em><strong>Terigi, Flavia.<\/strong> \u201cLas cronolog\u00edas de aprendizaje: un concepto para pensar las historias escolares\u201d. Jornada de Apertura del ciclo lectivo. A\u00f1o 2010. Disponible <\/em><a href=\"http:\/\/www.chubut.edu.ar\/concurso\/material\/concursos\/Terigi_Conferencia.pdf\"><em>http:\/\/www.chubut.edu.ar\/concurso\/material\/concursos\/Terigi_Conferencia.pdf<\/em><\/a><\/li>\n<li><a href=\"https:\/\/ifd3-sgo.infd.edu.ar\/sitio\/wp-content\/uploads\/2019\/05\/achilli-el-registro-etnogr\u00e1fico.pdf\">Achilli el registro etnogr\u00e1fico<\/a><\/li>\n<li><a href=\"https:\/\/ifd3-sgo.infd.edu.ar\/sitio\/wp-content\/uploads\/2019\/05\/El-aprendizaje-como-personas-adultas-_J.-Cabello-Martinez.pdf\">El aprendizaje como personas adultas _J. Cabello Martinez<\/a><\/li>\n<\/ul>\n<p>&nbsp;<\/p>\n<p><strong>MORFO FISIOLOG\u00cdA ANIMAL<\/strong><\/p>\n<ul>\n<li><a href=\"https:\/\/librosyes.com\/FUNDAMENTOS-BASICOS-DE-FISIOLOGIA-VEGETAL-Y-ANIMAL\/\">https:\/\/librosyes.com\/FUNDAMENTOS-B\u00c1SICOS-DE-FISIOLOG\u00cdA-VEGETAL-Y-ANIMAL\/\u00a0<\/a><\/li>\n<\/ul>\n<p><strong>INTEGRACI\u00d3N E INCLUSI\u00d3N EDUCATIVA<\/strong><\/p>\n<ul>\n<li><a href=\"https:\/\/ifd3-sgo.infd.edu.ar\/sitio\/wp-content\/uploads\/2019\/09\/05-Embarazo-Adolescente.pdf\">05-Embarazo-Adolescente<\/a><\/li>\n<li><a href=\"https:\/\/ifd3-sgo.infd.edu.ar\/sitio\/wp-content\/uploads\/2019\/09\/5.-De-la-Ley-a-la-pr\u00e1ctica-cuadernillo.pdf\">5.-De-la-Ley-a-la-pr\u00e1ctica-cuadernillo<\/a><\/li>\n<li>http:\/\/servicios.infoleg.gob.ar\/infolegInternet\/anexos\/70000-74999\/74073\/texact.htm<\/li>\n<li>http:\/\/servicios.infoleg.gob.ar\/infolegInternet\/anexos\/60000-64999\/63777\/norma.htm<\/li>\n<li>http:\/\/servicios.infoleg.gob.ar\/infolegInternet\/anexos\/90000-94999\/90598\/norma.htm<\/li>\n<li><a href=\"https:\/\/ifd3-sgo.infd.edu.ar\/sitio\/wp-content\/uploads\/2019\/09\/EMBARAZO_Clase_4_ARTICULO_LANGER_-_FERNANDEZ_RIOS_-_SCHIARITI.pdf\">EMBARAZO_Clase_4_ARTICULO_LANGER_-_FERNANDEZ_RIOS_-_SCHIARITI<\/a><\/li>\n<li><a href=\"https:\/\/ifd3-sgo.infd.edu.ar\/sitio\/wp-content\/uploads\/2019\/09\/apoyos-y-ayudas-cuadernos.pdf\">apoyos y ayudas cuadernos<\/a><\/li>\n<li><a href=\"https:\/\/ifd3-sgo.infd.edu.ar\/sitio\/wp-content\/uploads\/2019\/09\/nuevas-configuraciones-fliares.pdf\">nuevas configuraciones fliares<\/a><\/li>\n<\/ul>\n","protected":false},"excerpt":{"rendered":"<p>La biblioteca del profesorado del Instituto de Formaci\u00f3n Docente N\u00b03, cuenta con una biblioteca variada para la lectura del docente y alumno en la cual podr\u00e1n acceder a ella en los siguientes horarios: orario de atenci\u00f3n: Lunes a viernes desde 17:45 a 21:45 \u00a0La misma cuenta con libros de: Geograf\u00eda, Biolog\u00eda, Formaci\u00f3n docente, Filosof\u00eda, did\u00e1ctica, &#8230; <a title=\"BIBLIOTECA\" class=\"read-more\" href=\"https:\/\/ifd3-sgo.infd.edu.ar\/sitio\/biblioteca\/\" aria-label=\"More on BIBLIOTECA\">[+]<\/a><\/p>\n","protected":false},"author":835,"featured_media":0,"parent":0,"menu_order":0,"comment_status":"closed","ping_status":"closed","template":"","meta":[],"acf":[],"_links":{"self":[{"href":"https:\/\/ifd3-sgo.infd.edu.ar\/sitio\/wp-json\/wp\/v2\/pages\/1137"}],"collection":[{"href":"https:\/\/ifd3-sgo.infd.edu.ar\/sitio\/wp-json\/wp\/v2\/pages"}],"about":[{"href":"https:\/\/ifd3-sgo.infd.edu.ar\/sitio\/wp-json\/wp\/v2\/types\/page"}],"author":[{"embeddable":true,"href":"https:\/\/ifd3-sgo.infd.edu.ar\/sitio\/wp-json\/wp\/v2\/users\/835"}],"replies":[{"embeddable":true,"href":"https:\/\/ifd3-sgo.infd.edu.ar\/sitio\/wp-json\/wp\/v2\/comments?post=1137"}],"version-history":[{"count":16,"href":"https:\/\/ifd3-sgo.infd.edu.ar\/sitio\/wp-json\/wp\/v2\/pages\/1137\/revisions"}],"predecessor-version":[{"id":1321,"href":"https:\/\/ifd3-sgo.infd.edu.ar\/sitio\/wp-json\/wp\/v2\/pages\/1137\/revisions\/1321"}],"wp:attachment":[{"href":"https:\/\/ifd3-sgo.infd.edu.ar\/sitio\/wp-json\/wp\/v2\/media?parent=1137"}],"curies":[{"name":"wp","href":"https:\/\/api.w.org\/{rel}","templated":true}]}}