{"id":1116,"date":"2018-08-31T17:19:12","date_gmt":"2018-08-31T20:19:12","guid":{"rendered":"https:\/\/ifd3-sgo.infd.edu.ar\/sitio\/profesorado-en-geografia\/"},"modified":"2025-11-17T10:02:15","modified_gmt":"2025-11-17T13:02:15","slug":"profesorado-en-geografia","status":"publish","type":"page","link":"https:\/\/ifd3-sgo.infd.edu.ar\/sitio\/profesorado-en-geografia\/","title":{"rendered":"Profesorado en Geograf\u00eda"},"content":{"rendered":"<p style=\"text-align: justify;\"><span style=\"font-size: 12pt; font-family: comic sans ms,sans-serif; color: #3366ff;\"><strong><strong><img decoding=\"async\" loading=\"lazy\" class=\"irc_mut iQY2FUXwyHE8-HwpH6ZlgJaI\" style=\"border: 0; float: right;\" src=\"https:\/\/ifd3-sgo.infd.edu.ar\/sitio\/wp-content\/uploads\/2018\/08\/2QkhMQ59FLOIsimagen_incrustada1.jpg\" width=\"124\" height=\"124\" border=\"0\" \/><\/strong><\/strong><\/span><span style=\"font-size: x-small; font-family: verdana,geneva;\">El Profesorado en\u00a0Geograf\u00eda tiene como objetivo principal formar docentes\u00a0 c<\/span><span style=\"font-size: x-small; font-family: verdana,geneva;\">o<\/span><span style=\"font-size: x-small; font-family: verdana,geneva;\">mpetentes en el \u00e1rea\u00a0t\u00e9cnica, con s\u00f3lidos conocimientos pedag\u00f3gicos,\u00a0atentos a los cambios y transformaciones propios de nuestra\u00a0tarea cotidiana y comprometidos con la realidad\u00a0social y medioambiental, con un perfil abierto a las necesidades de los otros en el mundo q<\/span><span style=\"font-size: x-small; font-family: verdana,geneva;\">ue nos toca transitar.<\/span><\/p>\n<p style=\"margin-right: 20px; text-align: justify;\"><span style=\"font-size: x-small; font-family: verdana,geneva;\">Nos preocupa una formaci\u00f3n integral e integrada que se cristaliza a partir de dos ejes vertebradores:\u00a0<\/span><\/p>\n<ul style=\"text-align: justify;\">\n<li>\n<p style=\"margin-right: 20px;\"><span style=\"font-size: x-small; font-family: verdana,geneva;\">La formaci\u00f3n pedag\u00f3gica que involucra la preparaci\u00f3n en la actividad de la ense\u00f1anza a trav\u00e9s del abordaje de las diferentes metodolog\u00edas que conforman el quehacer \u00e1ulico;\u00a0<\/span><\/p>\n<\/li>\n<li>\n<p style=\"margin-right: 20px;\"><span style=\"font-size: x-small; font-family: verdana,geneva;\">La formaci\u00f3n en el \u00e1rea\u00a0de las Ciencias\u00a0Sociales a partir de la cual se\u00a0busca insertar al alumno la interpretaci\u00f3n de los cambios profundos que el hombre ha insertado e inserta actualmente en el medio en el cual desarrolla sus actividades.<\/span><\/p>\n<\/li>\n<\/ul>\n<p style=\"margin-right: 20px; text-align: justify;\"><span style=\"font-size: x-small; font-family: verdana,geneva;\">En nuestro escenario de acci\u00f3n cada uno de nuestros alumnos son los protagonistas de este trabajo en equipo que llevamos a cabo junto con los\u00a0docentes, y en el cual tenemos como meta en com\u00fan la adquisici\u00f3n de las competencias necesarias para desarrollar con responsabilidad y eficiencia nuestra tarea.<\/span><\/p>\n<p style=\"margin-right: 20px; text-align: justify;\"><span style=\"font-size: x-small; font-family: verdana,geneva;\">Por esta finalidad es que construimos espacios de participaci\u00f3n en los que desarrollamos Proyectos Interdisciplinarios\u00a0con otras Areas y Carreras, Proyectos Comunitarios que permitan a nuestros estudiantes conocer y trabajar en\u00a0 instituciones con distintas realidades socioecon\u00f3micas brindando lo que saben hacer al servicio del que m\u00e1s lo necesita.<\/span><\/p>\n<p style=\"margin-right: 20px; text-align: justify;\">\n<p style=\"margin-right: 20px; text-align: center;\"><span style=\"color: #000080;\">\u00a0<a title=\"Perfil del Egresado\" href=\"index.cgi?wid_item=39&amp;wid_seccion=3\"><span style=\"color: #000080;\">\u00a0<span style=\"font-family: arial black,avant garde; color: #000080;\">PERFIL DEL EGRESADO<\/span><\/span><\/a><\/span><\/p>\n<p style=\"margin-right: 20px; text-align: center;\"><a title=\"Formatos de Unidades Curriculares\" href=\"index.cgi?wid_item=40&amp;wid_seccion=3\"><span style=\"color: #000080;\"><span style=\"font-family: arial black,avant garde; color: #000080;\">FORMATOS DE LAS UNIDADES CURRICULARES<\/span><\/span><\/a><\/p>\n<div class=\"Section1\" style=\"text-align: center;\">\n<p class=\"Section3\" style=\"text-align: center;\"><span style=\"color: #000080;\"><strong>\u00a0<\/strong><a title=\"Formas Posibles de Acreditaci\u00f3n\" href=\"index.cgi?wid_item=41&amp;wid_seccion=3\"><span style=\"color: #000080; font-family: arial black,avant garde;\">FOR<\/span><span style=\"font-family: arial black,avant garde; color: #000080;\">MAS POSIBLES DE ACREDITACI\u00d3N<\/span><\/a><\/span><\/p>\n<\/div>\n<p style=\"text-align: center;\"><span style=\"color: #000080;\"><span style=\"color: #000080;\">\u00a0<a title=\"Estructura Curricular\" href=\"index.cgi?wid_item=6&amp;wid_seccion=3\"><strong><span style=\"color: #800080;\"><span style=\"color: #000080;\">ESTRUCTURA CURRICULAR<\/span>\u00a0<\/span><\/strong><\/a><\/span><\/span><\/p>\n<p style=\"text-align: center;\"><span style=\"color: #000080;\">\u00a0<\/span><\/p>\n<p style=\"text-align: center;\"><span style=\"color: #000080;\">\u00a0<img decoding=\"async\" loading=\"lazy\" class=\"irc_mi itAkevxfSy94-pQOPx8XEepE\" style=\"border: 0; vertical-align: top;\" src=\"http:\/\/onairosjs.files.wordpress.com\/2007\/06\/click.gif?w=370\" width=\"65\" height=\"27\" border=\"0\" \/><\/span><\/p>\n<p style=\"text-align: center;\">\n<p style=\"margin-right: 20px; text-align: justify;\">\n<p style=\"margin-right: 20px; text-align: justify;\">\n<p style=\"margin-right: 20px; text-align: justify;\">\n<p style=\"text-align: justify;\">\n<p style=\"margin-right: 20px;\">\n<p style=\"margin-right: 20px; text-align: center;\">\n","protected":false},"excerpt":{"rendered":"<p>El Profesorado en\u00a0Geograf\u00eda tiene como objetivo principal formar docentes\u00a0 competentes en el \u00e1rea\u00a0t\u00e9cnica, con s\u00f3lidos conocimientos pedag\u00f3gicos,\u00a0atentos a los cambios y transformaciones propios de nuestra\u00a0tarea cotidiana y comprometidos con la realidad\u00a0social y medioambiental, con un perfil abierto a las necesidades de los otros en el mundo que nos toca transitar. Nos preocupa una formaci\u00f3n integral &#8230; <a title=\"Profesorado en Geograf\u00eda\" class=\"read-more\" href=\"https:\/\/ifd3-sgo.infd.edu.ar\/sitio\/profesorado-en-geografia\/\" aria-label=\"More on Profesorado en Geograf\u00eda\">[+]<\/a><\/p>\n","protected":false},"author":835,"featured_media":0,"parent":0,"menu_order":0,"comment_status":"closed","ping_status":"closed","template":"","meta":[],"acf":[],"_links":{"self":[{"href":"https:\/\/ifd3-sgo.infd.edu.ar\/sitio\/wp-json\/wp\/v2\/pages\/1116"}],"collection":[{"href":"https:\/\/ifd3-sgo.infd.edu.ar\/sitio\/wp-json\/wp\/v2\/pages"}],"about":[{"href":"https:\/\/ifd3-sgo.infd.edu.ar\/sitio\/wp-json\/wp\/v2\/types\/page"}],"author":[{"embeddable":true,"href":"https:\/\/ifd3-sgo.infd.edu.ar\/sitio\/wp-json\/wp\/v2\/users\/835"}],"replies":[{"embeddable":true,"href":"https:\/\/ifd3-sgo.infd.edu.ar\/sitio\/wp-json\/wp\/v2\/comments?post=1116"}],"version-history":[{"count":1,"href":"https:\/\/ifd3-sgo.infd.edu.ar\/sitio\/wp-json\/wp\/v2\/pages\/1116\/revisions"}],"predecessor-version":[{"id":2100,"href":"https:\/\/ifd3-sgo.infd.edu.ar\/sitio\/wp-json\/wp\/v2\/pages\/1116\/revisions\/2100"}],"wp:attachment":[{"href":"https:\/\/ifd3-sgo.infd.edu.ar\/sitio\/wp-json\/wp\/v2\/media?parent=1116"}],"curies":[{"name":"wp","href":"https:\/\/api.w.org\/{rel}","templated":true}]}}