{"id":1114,"date":"2018-08-31T17:19:11","date_gmt":"2018-08-31T20:19:11","guid":{"rendered":"https:\/\/ifd3-sgo.infd.edu.ar\/sitio\/profesorado-de-educacion-secundaria-en-biologia\/"},"modified":"2019-04-25T18:44:43","modified_gmt":"2019-04-25T21:44:43","slug":"profesorado-de-educacion-secundaria-en-biologia","status":"publish","type":"page","link":"https:\/\/ifd3-sgo.infd.edu.ar\/sitio\/profesorado-de-educacion-secundaria-en-biologia\/","title":{"rendered":"Profesorado de Educaci\u00f3n Secundaria en Biolog\u00eda"},"content":{"rendered":"<p><span style=\"font-size: small; font-family: Arial;\"><strong><span style=\"color: #ff6600;\"><br \/>\n<img decoding=\"async\" class=\"rg_i\" style=\"width: 252px; height: 189px; margin-left: 0px; margin-right: 0px; border: 0; float: right;\" src=\"https:\/\/ifd3-sgo.infd.edu.ar\/sitio\/wp-content\/uploads\/2018\/08\/1IcMlknXkXkqyimagen_incrustada1.jpg\" alt=\"Resultado de imagen para biologia celular\" name=\"oPnQlVeNZTpD2M:\" border=\"0\" \/><\/span><\/strong><\/span><\/p>\n<p><span style=\"font-size: x-small; font-family: verdana,geneva;\">El Profesorado en\u00a0Biolog\u00eda tiene como objetivo principal formar docentes\u00a0 competentes en el \u00e1rea\u00a0t\u00e9cnica, con s\u00f3lidos conocimientos pedag\u00f3gicos,\u00a0atentos a los cambios y transformaciones propios de nuestra\u00a0tarea cotidiana y comprometidos con la realidad\u00a0medioambiental, con un perfil abierto a las necesidades de los otros en el mundo que nos toca transitar.<\/span><\/p>\n<p><span style=\"font-size: x-small; font-family: verdana,geneva;\">Nos preocupa una formaci\u00f3n integral e integrada que se cristaliza a partir de dos ejes vertebradores:\u00a0<\/span><\/p>\n<ul style=\"text-align: justify;\">\n<li><span style=\"font-size: x-small; font-family: verdana,geneva;\">La formaci\u00f3n pedag\u00f3gica que involucra la preparaci\u00f3n en la actividad de la ense\u00f1anza a trav\u00e9s del abordaje de las diferentes metodolog\u00edas que conforman el quehacer a\u00falico;\u00a0<\/span><\/li>\n<li><span style=\"font-size: x-small; font-family: verdana,geneva;\">La formaci\u00f3n en el \u00e1rea\u00a0de las Ciencias\u00a0Biol\u00f3gicas a partir de la cual se\u00a0busca insertar al alumno en el mundo natural en permanente contacto con la actividad humana que modifica permanentemente el mundo en el que vive.<\/span><\/li>\n<\/ul>\n<p><span style=\"font-size: x-small; font-family: verdana,geneva;\">En nuestro escenario de acci\u00f3n cada uno de nuestros alumnos son los protagonistas de este trabajo en equipo que llevamos a cabo junto con los\u00a0docentes, y en el cual tenemos como meta en com\u00fan la adquisici\u00f3n de las competencias necesarias para desarrollar con responsabilidad y eficiencia nuestra tarea.<\/span><\/p>\n<p><span style=\"font-size: x-small; font-family: verdana,geneva;\">Por esta finalidad es que construimos espacios de participaci\u00f3n en los que desarrollamos Proyectos \u00cdnter disciplinarios\u00a0con otras \u00c1reas y Carreras, Proyectos Comunitarios que permitan a nuestros estudiantes conocer y trabajar en\u00a0 instituciones con distintas realidades socio econ\u00f3micas brindando lo que saben hacer al servicio del que m\u00e1s lo necesita.<\/span><\/p>\n<p>&nbsp;<\/p>\n<p style=\"margin-right: 20px; text-align: center;\"><span style=\"color: #000080;\">\u00a0<span style=\"color: #008000;\">\u00a0<\/span><span style=\"color: #008000;\"><a title=\"Perfil del Egresado\" href=\"index.cgi?wid_item=42&amp;wid_seccion=2\"><span style=\"color: #008000;\"><strong>PERFIL DEL EGRESADO<\/strong><\/span><\/a><\/span><\/span><\/p>\n<p style=\"margin-right: 20px; text-align: center;\"><span style=\"color: #008000;\"><a title=\"Formatos de Unidades Curriculares\" href=\"index.cgi?wid_item=43&amp;wid_seccion=2\"><span style=\"color: #008000;\"><strong><span style=\"color: #008000;\">FORMATOS DE LAS UNIDADES CURRICULARES<\/span><\/strong><\/span><\/a><\/span><\/p>\n<div class=\"Section1\" style=\"text-align: center;\">\n<p class=\"Section3\" style=\"text-align: center;\"><span style=\"color: #008000;\"><strong>\u00a0<a title=\"Formas Posibles de Acreditaci\u00f3n\" href=\"index.cgi?wid_item=44&amp;wid_seccion=2\"><span style=\"color: #008000;\">FORMAS POSIBLES DE ACREDITACI\u00d3N<\/span><\/a><\/strong><\/span><\/p>\n<\/div>\n<p style=\"text-align: center;\"><span style=\"color: #008000;\"><strong>\u00a0<a title=\"Estructura Curricular\" href=\"index.cgi?wid_item=4&amp;wid_seccion=2\"><span style=\"color: #008000;\">ESTRUCTURA CURRICULAR<\/span><\/a>\u00a0<\/strong><\/span><\/p>\n<p style=\"text-align: center;\"><span style=\"color: #008000;\">\u00a0<\/span><\/p>\n<p style=\"text-align: center;\"><span style=\"color: #000080;\">\u00a0<img decoding=\"async\" loading=\"lazy\" class=\"irc_mi itAkevxfSy94-pQOPx8XEepE\" style=\"border: 0; vertical-align: top;\" src=\"http:\/\/onairosjs.files.wordpress.com\/2007\/06\/click.gif?w=370\" width=\"65\" height=\"27\" border=\"0\" \/><\/span><\/p>\n<p style=\"margin-right: 20px; text-align: center;\">\n","protected":false},"excerpt":{"rendered":"<p>El Profesorado en\u00a0Biolog\u00eda tiene como objetivo principal formar docentes\u00a0 competentes en el \u00e1rea\u00a0t\u00e9cnica, con s\u00f3lidos conocimientos pedag\u00f3gicos,\u00a0atentos a los cambios y transformaciones propios de nuestra\u00a0tarea cotidiana y comprometidos con la realidad\u00a0medioambiental, con un perfil abierto a las necesidades de los otros en el mundo que nos toca transitar. Nos preocupa una formaci\u00f3n integral e integrada &#8230; <a title=\"Profesorado de Educaci\u00f3n Secundaria en Biolog\u00eda\" class=\"read-more\" href=\"https:\/\/ifd3-sgo.infd.edu.ar\/sitio\/profesorado-de-educacion-secundaria-en-biologia\/\" aria-label=\"More on Profesorado de Educaci\u00f3n Secundaria en Biolog\u00eda\">[+]<\/a><\/p>\n","protected":false},"author":835,"featured_media":0,"parent":0,"menu_order":0,"comment_status":"closed","ping_status":"closed","template":"","meta":[],"acf":[],"_links":{"self":[{"href":"https:\/\/ifd3-sgo.infd.edu.ar\/sitio\/wp-json\/wp\/v2\/pages\/1114"}],"collection":[{"href":"https:\/\/ifd3-sgo.infd.edu.ar\/sitio\/wp-json\/wp\/v2\/pages"}],"about":[{"href":"https:\/\/ifd3-sgo.infd.edu.ar\/sitio\/wp-json\/wp\/v2\/types\/page"}],"author":[{"embeddable":true,"href":"https:\/\/ifd3-sgo.infd.edu.ar\/sitio\/wp-json\/wp\/v2\/users\/835"}],"replies":[{"embeddable":true,"href":"https:\/\/ifd3-sgo.infd.edu.ar\/sitio\/wp-json\/wp\/v2\/comments?post=1114"}],"version-history":[{"count":4,"href":"https:\/\/ifd3-sgo.infd.edu.ar\/sitio\/wp-json\/wp\/v2\/pages\/1114\/revisions"}],"predecessor-version":[{"id":1324,"href":"https:\/\/ifd3-sgo.infd.edu.ar\/sitio\/wp-json\/wp\/v2\/pages\/1114\/revisions\/1324"}],"wp:attachment":[{"href":"https:\/\/ifd3-sgo.infd.edu.ar\/sitio\/wp-json\/wp\/v2\/media?parent=1114"}],"curies":[{"name":"wp","href":"https:\/\/api.w.org\/{rel}","templated":true}]}}